{"id":1325,"date":"2023-10-04T12:49:48","date_gmt":"2023-10-04T12:49:48","guid":{"rendered":"https:\/\/inandoutarchitects.com\/?page_id=1325"},"modified":"2023-10-04T12:50:19","modified_gmt":"2023-10-04T12:50:19","slug":"politica-de-cookies","status":"publish","type":"page","link":"https:\/\/inandoutarchitects.com\/pt\/politica-de-cookies\/","title":{"rendered":"Pol\u00edtica de cookies"},"content":{"rendered":"<div data-elementor-type=\"wp-page\" data-elementor-id=\"1325\" class=\"elementor elementor-1325\" data-elementor-post-type=\"page\">\n\t\t\t\t\t\t<section class=\"elementor-section elementor-top-section elementor-element elementor-element-9f869fa elementor-section-height-min-height elementor-section-full_width elementor-section-height-default elementor-section-items-middle\" data-id=\"9f869fa\" data-element_type=\"section\" data-e-type=\"section\" data-settings=\"{&quot;background_background&quot;:&quot;classic&quot;}\">\n\t\t\t\t\t\t\t<div class=\"elementor-background-overlay\"><\/div>\n\t\t\t\t\t\t\t<div class=\"elementor-container elementor-column-gap-default\">\n\t\t\t\t\t<div class=\"elementor-column elementor-col-100 elementor-top-column elementor-element elementor-element-6563552\" data-id=\"6563552\" data-element_type=\"column\" data-e-type=\"column\">\n\t\t\t<div class=\"elementor-widget-wrap elementor-element-populated\">\n\t\t\t\t\t\t<section class=\"elementor-section elementor-inner-section elementor-element elementor-element-facfe60 elementor-section-boxed elementor-section-height-default elementor-section-height-default\" data-id=\"facfe60\" data-element_type=\"section\" data-e-type=\"section\">\n\t\t\t\t\t\t<div class=\"elementor-container elementor-column-gap-default\">\n\t\t\t\t\t<div class=\"elementor-column elementor-col-100 elementor-inner-column elementor-element elementor-element-5b23558\" data-id=\"5b23558\" data-element_type=\"column\" data-e-type=\"column\">\n\t\t\t<div class=\"elementor-widget-wrap elementor-element-populated\">\n\t\t\t\t\t\t<div class=\"elementor-element elementor-element-225feb0 elementor-widget elementor-widget-heading\" data-id=\"225feb0\" data-element_type=\"widget\" data-e-type=\"widget\" data-widget_type=\"heading.default\">\n\t\t\t\t<div class=\"elementor-widget-container\">\n\t\t\t\t\t<h2 class=\"elementor-heading-title elementor-size-default\">Pol\u00edtica de cookies<\/h2>\t\t\t\t<\/div>\n\t\t\t\t<\/div>\n\t\t\t\t\t<\/div>\n\t\t<\/div>\n\t\t\t\t\t<\/div>\n\t\t<\/section>\n\t\t\t\t<div class=\"elementor-element elementor-element-53f0d05 elementor-grid-1 e-grid-align-right elementor-widget__width-auto elementor-absolute elementor-hidden-tablet elementor-hidden-mobile elementor-shape-rounded elementor-widget elementor-widget-social-icons\" data-id=\"53f0d05\" data-element_type=\"widget\" data-e-type=\"widget\" data-settings=\"{&quot;_position&quot;:&quot;absolute&quot;}\" data-widget_type=\"social-icons.default\">\n\t\t\t\t<div class=\"elementor-widget-container\">\n\t\t\t\t\t\t\t<div class=\"elementor-social-icons-wrapper elementor-grid\" role=\"list\">\n\t\t\t\t\t\t\t<span class=\"elementor-grid-item\" role=\"listitem\">\n\t\t\t\t\t<a class=\"elementor-icon elementor-social-icon elementor-social-icon-facebook elementor-repeater-item-26e1381\" href=\"https:\/\/www.facebook.com\/inandoutarchitects\" target=\"_blank\">\n\t\t\t\t\t\t<span class=\"elementor-screen-only\">Facebook<\/span>\n\t\t\t\t\t\t<i aria-hidden=\"true\" class=\"fab fa-facebook\"><\/i>\t\t\t\t\t<\/a>\n\t\t\t\t<\/span>\n\t\t\t\t\t\t\t<span class=\"elementor-grid-item\" role=\"listitem\">\n\t\t\t\t\t<a class=\"elementor-icon elementor-social-icon elementor-social-icon-instagram elementor-repeater-item-976ae45\" href=\"https:\/\/www.instagram.com\/inandoutarchitects\/?hl=es-la\" target=\"_blank\">\n\t\t\t\t\t\t<span class=\"elementor-screen-only\">Instagram<\/span>\n\t\t\t\t\t\t<i aria-hidden=\"true\" class=\"fab fa-instagram\"><\/i>\t\t\t\t\t<\/a>\n\t\t\t\t<\/span>\n\t\t\t\t\t\t\t<span class=\"elementor-grid-item\" role=\"listitem\">\n\t\t\t\t\t<a class=\"elementor-icon elementor-social-icon elementor-social-icon-tiktok elementor-repeater-item-45a959e\" href=\"https:\/\/www.tiktok.com\/@inandoutarchitects\" target=\"_blank\">\n\t\t\t\t\t\t<span class=\"elementor-screen-only\">Tiktok<\/span>\n\t\t\t\t\t\t<i aria-hidden=\"true\" class=\"fab fa-tiktok\"><\/i>\t\t\t\t\t<\/a>\n\t\t\t\t<\/span>\n\t\t\t\t\t\t\t<span class=\"elementor-grid-item\" role=\"listitem\">\n\t\t\t\t\t<a class=\"elementor-icon elementor-social-icon elementor-social-icon-linkedin elementor-repeater-item-a7843d9\" href=\"https:\/\/www.linkedin.com\/company\/inandout-architects\/\" target=\"_blank\">\n\t\t\t\t\t\t<span class=\"elementor-screen-only\">https:\/\/www.linkedin.com\/in\/inandout-architects\/<\/span>\n\t\t\t\t\t\t<i aria-hidden=\"true\" class=\"fab fa-linkedin\"><\/i>\t\t\t\t\t<\/a>\n\t\t\t\t<\/span>\n\t\t\t\t\t\t\t<span class=\"elementor-grid-item\" role=\"listitem\">\n\t\t\t\t\t<a class=\"elementor-icon elementor-social-icon elementor-social-icon-whatsapp elementor-repeater-item-3040a90\" href=\"https:\/\/wa.link\/s65tlu\" target=\"_blank\">\n\t\t\t\t\t\t<span class=\"elementor-screen-only\">Whatsapp<\/span>\n\t\t\t\t\t\t<i aria-hidden=\"true\" class=\"fab fa-whatsapp\"><\/i>\t\t\t\t\t<\/a>\n\t\t\t\t<\/span>\n\t\t\t\t\t<\/div>\n\t\t\t\t\t\t<\/div>\n\t\t\t\t<\/div>\n\t\t\t\t\t<\/div>\n\t\t<\/div>\n\t\t\t\t\t<\/div>\n\t\t<\/section>\n\t\t\t\t<section class=\"elementor-section elementor-top-section elementor-element elementor-element-ea7bf23 elementor-section-boxed elementor-section-height-default elementor-section-height-default\" data-id=\"ea7bf23\" data-element_type=\"section\" data-e-type=\"section\">\n\t\t\t\t\t\t<div class=\"elementor-container elementor-column-gap-default\">\n\t\t\t\t\t<div class=\"elementor-column elementor-col-100 elementor-top-column elementor-element elementor-element-02825a0\" data-id=\"02825a0\" data-element_type=\"column\" data-e-type=\"column\">\n\t\t\t<div class=\"elementor-widget-wrap elementor-element-populated\">\n\t\t\t\t\t\t<div class=\"elementor-element elementor-element-c2d4452 elementor-widget elementor-widget-text-editor\" data-id=\"c2d4452\" data-element_type=\"widget\" data-e-type=\"widget\" data-widget_type=\"text-editor.default\">\n\t\t\t\t<div class=\"elementor-widget-container\">\n\t\t\t\t\t\t\t\t\t<ol><li><p><b>POL\u00cdTICA DE COOKIES<\/b><\/p><p><span style=\"font-weight: 400;\">O acesso a este Site pode envolver a utiliza\u00e7\u00e3o de cookies. Os cookies s\u00e3o pequenas quantidades de informa\u00e7\u00e3o que s\u00e3o armazenadas no navegador utilizado por cada Utilizador - nos diferentes dispositivos que este pode utilizar para navegar - para que o servidor se lembre de determinadas informa\u00e7\u00f5es que posteriormente ser\u00e3o lidas apenas pelo servidor que as implementou. Os cookies tornam a navega\u00e7\u00e3o mais f\u00e1cil e intuitiva e n\u00e3o danificam o dispositivo de navega\u00e7\u00e3o.<\/span><\/p><br \/><p><span style=\"font-weight: 400;\">Os cookies s\u00e3o procedimentos autom\u00e1ticos de recolha de informa\u00e7\u00e3o relacionada com as prefer\u00eancias determinadas pelo Utilizador durante a sua visita ao Site, a fim de o reconhecer como Utilizador e personalizar a sua experi\u00eancia e utiliza\u00e7\u00e3o do Site, podendo tamb\u00e9m, por exemplo, ajudar a identificar e resolver erros.<\/span><\/p><p><span style=\"font-weight: 400;\">As informa\u00e7\u00f5es recolhidas atrav\u00e9s dos cookies podem incluir a data e hora das visitas ao Site, as p\u00e1ginas visualizadas, o tempo passado no Site e os sites visitados imediatamente antes e depois do Site. No entanto, nenhum cookie permite contactar o n\u00famero de telefone do Utilizador ou qualquer outro meio de contacto pessoal. Nenhum cookie pode extrair informa\u00e7\u00f5es do disco r\u00edgido do Usu\u00e1rio ou roubar informa\u00e7\u00f5es pessoais. A \u00fanica maneira de as informa\u00e7\u00f5es privadas do Usu\u00e1rio fazerem parte do arquivo Cookie \u00e9 o usu\u00e1rio fornecer pessoalmente essas informa\u00e7\u00f5es ao servidor.<\/span><\/p><p><span style=\"font-weight: 400;\">Os cookies que permitem identificar uma pessoa s\u00e3o considerados dados pessoais. Portanto, a Pol\u00edtica de Privacidade descrita acima ser\u00e1 aplic\u00e1vel a eles. Neste sentido, ser\u00e1 necess\u00e1rio o consentimento do Utilizador para a sua utiliza\u00e7\u00e3o. Este consentimento ser\u00e1 comunicado, com base numa escolha aut\u00eantica, oferecida atrav\u00e9s de uma decis\u00e3o afirmativa e positiva, antes do tratamento inicial, remov\u00edvel e documentado.<\/span><\/p><br \/><p><b>Cookies pr\u00f3prios<\/b><\/p><p><span style=\"font-weight: 400;\">S\u00e3o cookies que s\u00e3o enviados ao computador ou dispositivo do Usu\u00e1rio e gerenciados exclusivamente pela In&amp;Out arquitetos Interiorismo em Barcelona para o melhor funcionamento do Site. A informa\u00e7\u00e3o recolhida \u00e9 utilizada para melhorar a qualidade do Site e do seu Conte\u00fado e a sua experi\u00eancia como Utilizador. Estes cookies permitem-nos reconhecer o Utilizador como um visitante recorrente do Site e adaptar o conte\u00fado para oferecer conte\u00fados que se ajustem \u00e0s suas prefer\u00eancias.<\/span><\/p><br \/><p><b>Cookies de terceiros<\/b><\/p><p><span style=\"font-weight: 400;\">S\u00e3o cookies utilizados e geridos por entidades externas que prestam \u00e0 In&amp;Out arquitetos Interiorismo en Barcelona os servi\u00e7os por esta solicitados para melhorar o Site e a experi\u00eancia do utilizador ao navegar no Site. Os principais objetivos para os quais s\u00e3o utilizados cookies de terceiros s\u00e3o obter estat\u00edsticas de acesso e analisar informa\u00e7\u00f5es de navega\u00e7\u00e3o, ou seja, a forma como o Utilizador interage com o Site.<\/span><\/p><br \/><p><span style=\"font-weight: 400;\">A informa\u00e7\u00e3o obtida refere-se, por exemplo, ao n\u00famero de p\u00e1ginas visitadas, ao idioma, ao local a partir do qual o endere\u00e7o IP a partir do qual o Utilizador acede, ao n\u00famero de Utilizadores que acedem, \u00e0 frequ\u00eancia e recorr\u00eancia das visitas, ao hor\u00e1rio da visita, o navegador que utilizam, a operadora ou o tipo de dispositivo a partir do qual a visita \u00e9 feita. Esta informa\u00e7\u00e3o \u00e9 utilizada para melhorar o Site e detectar novas necessidades para oferecer aos Usu\u00e1rios Conte\u00fado e\/ou servi\u00e7o de \u00f3tima qualidade. Em qualquer caso, a informa\u00e7\u00e3o \u00e9 recolhida de forma an\u00f3nima e os relat\u00f3rios de tend\u00eancias do site s\u00e3o elaborados sem identificar utilizadores individuais.<\/span><\/p><p><span style=\"font-weight: 400;\">Poder\u00e1 obter mais informa\u00e7\u00f5es sobre cookies, informa\u00e7\u00f5es sobre privacidade, ou consultar a descri\u00e7\u00e3o do tipo de cookies utilizados, suas principais caracter\u00edsticas, prazo de validade, etc. no(s) link(s) a seguir:<\/span><\/p><p><span style=\"font-weight: 400;\">A(s) entidade(s) respons\u00e1vel(is) pelo fornecimento de cookies poder\u00e1 transferir esta informa\u00e7\u00e3o a terceiros, desde que tal seja exigido por lei ou que um terceiro trate esta informa\u00e7\u00e3o para tais entidades.<\/span><\/p><br \/><p><b>Cookies de redes sociais<\/b><\/p><br \/><p><span style=\"font-weight: 400;\">In&amp;Out arquitetos Interior Design in Barcelona incorpora plugins de redes sociais, que permitem o acesso aos mesmos a partir do Site. Por este motivo, os cookies das redes sociais poder\u00e3o ser armazenados no navegador do Utilizador. Os propriet\u00e1rios destas redes sociais t\u00eam as suas pr\u00f3prias pol\u00edticas de prote\u00e7\u00e3o de dados e de cookies, sendo eles pr\u00f3prios, em cada caso, respons\u00e1veis \u200b\u200bpelos seus pr\u00f3prios ficheiros e pelas suas pr\u00f3prias pr\u00e1ticas de privacidade. O Utilizador dever\u00e1 consult\u00e1-los para conhecer estes cookies e, se for o caso, o tratamento dos seus dados pessoais. A t\u00edtulo meramente informativo, os links onde pode consultar estas pol\u00edticas de privacidade e\/ou cookies s\u00e3o indicados abaixo:<\/span><\/p><br \/><p><span style=\"font-weight: 400;\">Facebook: https:\/\/www.facebook.com\/policies\/cookies\/<\/span><\/p><p><span style=\"font-weight: 400;\">Twitter: https:\/\/twitter.com\/es\/privacy<\/span><\/p><p><span style=\"font-weight: 400;\">Instagram: https:\/\/help.instagram.com\/1896641480634370?ref=ig<\/span><\/p><p><span style=\"font-weight: 400;\">YouTube: https:\/\/policies.google.com\/privacy?hl=es-419&amp;gl=mx<\/span><\/p><p><span style=\"font-weight: 400;\">Pinterest: https:\/\/policy.pinterest.com\/es\/privacy-policy<\/span><\/p><p><span style=\"font-weight: 400;\">LinkedIn: https:\/\/www.linkedin.com\/legal\/cookie-policy?trk=hp-cookies<\/span><\/p><p><span style=\"font-weight: 400;\">Desabilitar, rejeitar e excluir cookies<\/span><\/p><p><span style=\"font-weight: 400;\">O Utilizador pode desativar, rejeitar e eliminar os cookies \u2013 total ou parcialmente \u2013 instalados no seu dispositivo atrav\u00e9s das configura\u00e7\u00f5es do seu navegador (incluindo, por exemplo, Chrome, Firefox, Safari, Explorer). Neste sentido, os procedimentos de rejei\u00e7\u00e3o e elimina\u00e7\u00e3o de cookies podem diferir de um navegador de Internet para outro. Consequentemente, o Utilizador dever\u00e1 seguir as instru\u00e7\u00f5es fornecidas pelo navegador de Internet que utiliza. Caso rejeite a utiliza\u00e7\u00e3o de cookies \u2013 no todo ou em parte \u2013 poder\u00e1 continuar a utilizar o Site, embora a utiliza\u00e7\u00e3o de algumas das suas funcionalidades possa ser limitada.<\/span><\/p><\/li><\/ol>\t\t\t\t\t\t\t\t<\/div>\n\t\t\t\t<\/div>\n\t\t\t\t\t<\/div>\n\t\t<\/div>\n\t\t\t\t\t<\/div>\n\t\t<\/section>\n\t\t\t\t<\/div>","protected":false},"excerpt":{"rendered":"<p>Pol\u00edtica de cookies Facebook Instagram Tiktok Linkedin Whatsapp POL\u00cdTICA DE COOKIES El acceso a este Sitio Web puede implicar la utilizaci\u00f3n de cookies. Las cookies son peque\u00f1as cantidades de informaci\u00f3n que se almacenan en el navegador utilizado por cada Usuario \u2014en los distintos dispositivos que pueda utilizar para navegar\u2014 para que el servidor recuerde cierta [&hellip;]<\/p>\n","protected":false},"author":2,"featured_media":0,"parent":0,"menu_order":0,"comment_status":"closed","ping_status":"closed","template":"elementor_header_footer","meta":{"inline_featured_image":false,"_monsterinsights_skip_tracking":false,"_monsterinsights_sitenote_active":false,"_monsterinsights_sitenote_note":"","_monsterinsights_sitenote_category":0,"_uf_show_specific_survey":0,"_uf_disable_surveys":false,"footnotes":""},"class_list":["post-1325","page","type-page","status-publish","hentry"],"yoast_head":"<!-- This site is optimized with the Yoast SEO plugin v27.5 - https:\/\/yoast.com\/product\/yoast-seo-wordpress\/ -->\n<title>Pol\u00edtica de Cookies - In&amp;Out Architects<\/title>\n<meta name=\"robots\" content=\"index, follow, max-snippet:-1, max-image-preview:large, max-video-preview:-1\" \/>\n<link rel=\"canonical\" href=\"https:\/\/inandoutarchitects.com\/pt\/politica-de-cookies\/\" \/>\n<meta property=\"og:locale\" content=\"pt_BR\" \/>\n<meta property=\"og:type\" content=\"article\" \/>\n<meta property=\"og:title\" content=\"Pol\u00edtica de Cookies - In&amp;Out Architects\" \/>\n<meta property=\"og:description\" content=\"Pol\u00edtica de cookies Facebook Instagram Tiktok Linkedin Whatsapp POL\u00cdTICA DE COOKIES El acceso a este Sitio Web puede implicar la utilizaci\u00f3n de cookies. Las cookies son peque\u00f1as cantidades de informaci\u00f3n que se almacenan en el navegador utilizado por cada Usuario \u2014en los distintos dispositivos que pueda utilizar para navegar\u2014 para que el servidor recuerde cierta [&hellip;]\" \/>\n<meta property=\"og:url\" content=\"https:\/\/inandoutarchitects.com\/pt\/politica-de-cookies\/\" \/>\n<meta property=\"og:site_name\" content=\"In&amp;Out Architects\" \/>\n<meta property=\"article:modified_time\" content=\"2023-10-04T12:50:19+00:00\" \/>\n<meta name=\"twitter:card\" content=\"summary_large_image\" \/>\n<meta name=\"twitter:label1\" content=\"Est. tempo de leitura\" \/>\n\t<meta name=\"twitter:data1\" content=\"5 minutos\" \/>\n<script type=\"application\/ld+json\" class=\"yoast-schema-graph\">{\"@context\":\"https:\\\/\\\/schema.org\",\"@graph\":[{\"@type\":\"WebPage\",\"@id\":\"https:\\\/\\\/inandoutarchitects.com\\\/politica-de-cookies\\\/\",\"url\":\"https:\\\/\\\/inandoutarchitects.com\\\/politica-de-cookies\\\/\",\"name\":\"Pol\u00edtica de Cookies - In&amp;Out Architects\",\"isPartOf\":{\"@id\":\"https:\\\/\\\/inandoutarchitects.com\\\/#website\"},\"datePublished\":\"2023-10-04T12:49:48+00:00\",\"dateModified\":\"2023-10-04T12:50:19+00:00\",\"breadcrumb\":{\"@id\":\"https:\\\/\\\/inandoutarchitects.com\\\/politica-de-cookies\\\/#breadcrumb\"},\"inLanguage\":\"pt-BR\",\"potentialAction\":[{\"@type\":\"ReadAction\",\"target\":[\"https:\\\/\\\/inandoutarchitects.com\\\/politica-de-cookies\\\/\"]}]},{\"@type\":\"BreadcrumbList\",\"@id\":\"https:\\\/\\\/inandoutarchitects.com\\\/politica-de-cookies\\\/#breadcrumb\",\"itemListElement\":[{\"@type\":\"ListItem\",\"position\":1,\"name\":\"Portada\",\"item\":\"https:\\\/\\\/inandoutarchitects.com\\\/\"},{\"@type\":\"ListItem\",\"position\":2,\"name\":\"Pol\u00edtica de Cookies\"}]},{\"@type\":\"WebSite\",\"@id\":\"https:\\\/\\\/inandoutarchitects.com\\\/#website\",\"url\":\"https:\\\/\\\/inandoutarchitects.com\\\/\",\"name\":\"In&amp;Out Architects\",\"description\":\"\",\"publisher\":{\"@id\":\"https:\\\/\\\/inandoutarchitects.com\\\/#organization\"},\"potentialAction\":[{\"@type\":\"SearchAction\",\"target\":{\"@type\":\"EntryPoint\",\"urlTemplate\":\"https:\\\/\\\/inandoutarchitects.com\\\/?s={search_term_string}\"},\"query-input\":{\"@type\":\"PropertyValueSpecification\",\"valueRequired\":true,\"valueName\":\"search_term_string\"}}],\"inLanguage\":\"pt-BR\"},{\"@type\":\"Organization\",\"@id\":\"https:\\\/\\\/inandoutarchitects.com\\\/#organization\",\"name\":\"In&amp;Out Architects\",\"url\":\"https:\\\/\\\/inandoutarchitects.com\\\/\",\"logo\":{\"@type\":\"ImageObject\",\"inLanguage\":\"pt-BR\",\"@id\":\"https:\\\/\\\/inandoutarchitects.com\\\/#\\\/schema\\\/logo\\\/image\\\/\",\"url\":\"https:\\\/\\\/inandoutarchitects.com\\\/wp-content\\\/uploads\\\/2023\\\/08\\\/cropped-Enmascarar-grupo-8.png\",\"contentUrl\":\"https:\\\/\\\/inandoutarchitects.com\\\/wp-content\\\/uploads\\\/2023\\\/08\\\/cropped-Enmascarar-grupo-8.png\",\"width\":83,\"height\":83,\"caption\":\"In&amp;Out Architects\"},\"image\":{\"@id\":\"https:\\\/\\\/inandoutarchitects.com\\\/#\\\/schema\\\/logo\\\/image\\\/\"}}]}<\/script>\n<!-- \/ Yoast SEO plugin. -->","yoast_head_json":{"title":"Pol\u00edtica de Cookies - In&amp;Out Architects","robots":{"index":"index","follow":"follow","max-snippet":"max-snippet:-1","max-image-preview":"max-image-preview:large","max-video-preview":"max-video-preview:-1"},"canonical":"https:\/\/inandoutarchitects.com\/pt\/politica-de-cookies\/","og_locale":"pt_BR","og_type":"article","og_title":"Pol\u00edtica de Cookies - In&amp;Out Architects","og_description":"Pol\u00edtica de cookies Facebook Instagram Tiktok Linkedin Whatsapp POL\u00cdTICA DE COOKIES El acceso a este Sitio Web puede implicar la utilizaci\u00f3n de cookies. Las cookies son peque\u00f1as cantidades de informaci\u00f3n que se almacenan en el navegador utilizado por cada Usuario \u2014en los distintos dispositivos que pueda utilizar para navegar\u2014 para que el servidor recuerde cierta [&hellip;]","og_url":"https:\/\/inandoutarchitects.com\/pt\/politica-de-cookies\/","og_site_name":"In&amp;Out Architects","article_modified_time":"2023-10-04T12:50:19+00:00","twitter_card":"summary_large_image","twitter_misc":{"Est. tempo de leitura":"5 minutos"},"schema":{"@context":"https:\/\/schema.org","@graph":[{"@type":"WebPage","@id":"https:\/\/inandoutarchitects.com\/politica-de-cookies\/","url":"https:\/\/inandoutarchitects.com\/politica-de-cookies\/","name":"Pol\u00edtica de Cookies - In&amp;Out Architects","isPartOf":{"@id":"https:\/\/inandoutarchitects.com\/#website"},"datePublished":"2023-10-04T12:49:48+00:00","dateModified":"2023-10-04T12:50:19+00:00","breadcrumb":{"@id":"https:\/\/inandoutarchitects.com\/politica-de-cookies\/#breadcrumb"},"inLanguage":"pt-BR","potentialAction":[{"@type":"ReadAction","target":["https:\/\/inandoutarchitects.com\/politica-de-cookies\/"]}]},{"@type":"BreadcrumbList","@id":"https:\/\/inandoutarchitects.com\/politica-de-cookies\/#breadcrumb","itemListElement":[{"@type":"ListItem","position":1,"name":"Portada","item":"https:\/\/inandoutarchitects.com\/"},{"@type":"ListItem","position":2,"name":"Pol\u00edtica de Cookies"}]},{"@type":"WebSite","@id":"https:\/\/inandoutarchitects.com\/#website","url":"https:\/\/inandoutarchitects.com\/","name":"In&amp;Out Architects","description":"","publisher":{"@id":"https:\/\/inandoutarchitects.com\/#organization"},"potentialAction":[{"@type":"SearchAction","target":{"@type":"EntryPoint","urlTemplate":"https:\/\/inandoutarchitects.com\/?s={search_term_string}"},"query-input":{"@type":"PropertyValueSpecification","valueRequired":true,"valueName":"search_term_string"}}],"inLanguage":"pt-BR"},{"@type":"Organization","@id":"https:\/\/inandoutarchitects.com\/#organization","name":"In&amp;Out Architects","url":"https:\/\/inandoutarchitects.com\/","logo":{"@type":"ImageObject","inLanguage":"pt-BR","@id":"https:\/\/inandoutarchitects.com\/#\/schema\/logo\/image\/","url":"https:\/\/inandoutarchitects.com\/wp-content\/uploads\/2023\/08\/cropped-Enmascarar-grupo-8.png","contentUrl":"https:\/\/inandoutarchitects.com\/wp-content\/uploads\/2023\/08\/cropped-Enmascarar-grupo-8.png","width":83,"height":83,"caption":"In&amp;Out Architects"},"image":{"@id":"https:\/\/inandoutarchitects.com\/#\/schema\/logo\/image\/"}}]}},"jetpack_sharing_enabled":true,"_links":{"self":[{"href":"https:\/\/inandoutarchitects.com\/pt\/wp-json\/wp\/v2\/pages\/1325","targetHints":{"allow":["GET"]}}],"collection":[{"href":"https:\/\/inandoutarchitects.com\/pt\/wp-json\/wp\/v2\/pages"}],"about":[{"href":"https:\/\/inandoutarchitects.com\/pt\/wp-json\/wp\/v2\/types\/page"}],"author":[{"embeddable":true,"href":"https:\/\/inandoutarchitects.com\/pt\/wp-json\/wp\/v2\/users\/2"}],"replies":[{"embeddable":true,"href":"https:\/\/inandoutarchitects.com\/pt\/wp-json\/wp\/v2\/comments?post=1325"}],"version-history":[{"count":4,"href":"https:\/\/inandoutarchitects.com\/pt\/wp-json\/wp\/v2\/pages\/1325\/revisions"}],"predecessor-version":[{"id":1329,"href":"https:\/\/inandoutarchitects.com\/pt\/wp-json\/wp\/v2\/pages\/1325\/revisions\/1329"}],"wp:attachment":[{"href":"https:\/\/inandoutarchitects.com\/pt\/wp-json\/wp\/v2\/media?parent=1325"}],"curies":[{"name":"wp","href":"https:\/\/api.w.org\/{rel}","templated":true}]}}