{"id":1325,"date":"2023-10-04T12:49:48","date_gmt":"2023-10-04T12:49:48","guid":{"rendered":"https:\/\/inandoutarchitects.com\/?page_id=1325"},"modified":"2023-10-04T12:50:19","modified_gmt":"2023-10-04T12:50:19","slug":"politica-de-cookies","status":"publish","type":"page","link":"https:\/\/inandoutarchitects.com\/en\/politica-de-cookies\/","title":{"rendered":"Cookies policy"},"content":{"rendered":"<div data-elementor-type=\"wp-page\" data-elementor-id=\"1325\" class=\"elementor elementor-1325\" data-elementor-post-type=\"page\">\n\t\t\t\t\t\t<section class=\"elementor-section elementor-top-section elementor-element elementor-element-9f869fa elementor-section-height-min-height elementor-section-full_width elementor-section-height-default elementor-section-items-middle\" data-id=\"9f869fa\" data-element_type=\"section\" data-e-type=\"section\" data-settings=\"{&quot;background_background&quot;:&quot;classic&quot;}\">\n\t\t\t\t\t\t\t<div class=\"elementor-background-overlay\"><\/div>\n\t\t\t\t\t\t\t<div class=\"elementor-container elementor-column-gap-default\">\n\t\t\t\t\t<div class=\"elementor-column elementor-col-100 elementor-top-column elementor-element elementor-element-6563552\" data-id=\"6563552\" data-element_type=\"column\" data-e-type=\"column\">\n\t\t\t<div class=\"elementor-widget-wrap elementor-element-populated\">\n\t\t\t\t\t\t<section class=\"elementor-section elementor-inner-section elementor-element elementor-element-facfe60 elementor-section-boxed elementor-section-height-default elementor-section-height-default\" data-id=\"facfe60\" data-element_type=\"section\" data-e-type=\"section\">\n\t\t\t\t\t\t<div class=\"elementor-container elementor-column-gap-default\">\n\t\t\t\t\t<div class=\"elementor-column elementor-col-100 elementor-inner-column elementor-element elementor-element-5b23558\" data-id=\"5b23558\" data-element_type=\"column\" data-e-type=\"column\">\n\t\t\t<div class=\"elementor-widget-wrap elementor-element-populated\">\n\t\t\t\t\t\t<div class=\"elementor-element elementor-element-225feb0 elementor-widget elementor-widget-heading\" data-id=\"225feb0\" data-element_type=\"widget\" data-e-type=\"widget\" data-widget_type=\"heading.default\">\n\t\t\t\t<div class=\"elementor-widget-container\">\n\t\t\t\t\t<h2 class=\"elementor-heading-title elementor-size-default\">Cookies policy<\/h2>\t\t\t\t<\/div>\n\t\t\t\t<\/div>\n\t\t\t\t\t<\/div>\n\t\t<\/div>\n\t\t\t\t\t<\/div>\n\t\t<\/section>\n\t\t\t\t<div class=\"elementor-element elementor-element-53f0d05 elementor-grid-1 e-grid-align-right elementor-widget__width-auto elementor-absolute elementor-hidden-tablet elementor-hidden-mobile elementor-shape-rounded elementor-widget elementor-widget-social-icons\" data-id=\"53f0d05\" data-element_type=\"widget\" data-e-type=\"widget\" data-settings=\"{&quot;_position&quot;:&quot;absolute&quot;}\" data-widget_type=\"social-icons.default\">\n\t\t\t\t<div class=\"elementor-widget-container\">\n\t\t\t\t\t\t\t<div class=\"elementor-social-icons-wrapper elementor-grid\" role=\"list\">\n\t\t\t\t\t\t\t<span class=\"elementor-grid-item\" role=\"listitem\">\n\t\t\t\t\t<a class=\"elementor-icon elementor-social-icon elementor-social-icon-facebook elementor-repeater-item-26e1381\" href=\"https:\/\/www.facebook.com\/inandoutarchitects\" target=\"_blank\">\n\t\t\t\t\t\t<span class=\"elementor-screen-only\">Facebook<\/span>\n\t\t\t\t\t\t<i aria-hidden=\"true\" class=\"fab fa-facebook\"><\/i>\t\t\t\t\t<\/a>\n\t\t\t\t<\/span>\n\t\t\t\t\t\t\t<span class=\"elementor-grid-item\" role=\"listitem\">\n\t\t\t\t\t<a class=\"elementor-icon elementor-social-icon elementor-social-icon-instagram elementor-repeater-item-976ae45\" href=\"https:\/\/www.instagram.com\/inandoutarchitects\/?hl=es-la\" target=\"_blank\">\n\t\t\t\t\t\t<span class=\"elementor-screen-only\">Instagram<\/span>\n\t\t\t\t\t\t<i aria-hidden=\"true\" class=\"fab fa-instagram\"><\/i>\t\t\t\t\t<\/a>\n\t\t\t\t<\/span>\n\t\t\t\t\t\t\t<span class=\"elementor-grid-item\" role=\"listitem\">\n\t\t\t\t\t<a class=\"elementor-icon elementor-social-icon elementor-social-icon-tiktok elementor-repeater-item-45a959e\" href=\"https:\/\/www.tiktok.com\/@inandoutarchitects\" target=\"_blank\">\n\t\t\t\t\t\t<span class=\"elementor-screen-only\">Tiktok<\/span>\n\t\t\t\t\t\t<i aria-hidden=\"true\" class=\"fab fa-tiktok\"><\/i>\t\t\t\t\t<\/a>\n\t\t\t\t<\/span>\n\t\t\t\t\t\t\t<span class=\"elementor-grid-item\" role=\"listitem\">\n\t\t\t\t\t<a class=\"elementor-icon elementor-social-icon elementor-social-icon-linkedin elementor-repeater-item-a7843d9\" href=\"https:\/\/www.linkedin.com\/company\/inandout-architects\/\" target=\"_blank\">\n\t\t\t\t\t\t<span class=\"elementor-screen-only\">Linkedin<\/span>\n\t\t\t\t\t\t<i aria-hidden=\"true\" class=\"fab fa-linkedin\"><\/i>\t\t\t\t\t<\/a>\n\t\t\t\t<\/span>\n\t\t\t\t\t\t\t<span class=\"elementor-grid-item\" role=\"listitem\">\n\t\t\t\t\t<a class=\"elementor-icon elementor-social-icon elementor-social-icon-whatsapp elementor-repeater-item-3040a90\" href=\"https:\/\/wa.link\/s65tlu\" target=\"_blank\">\n\t\t\t\t\t\t<span class=\"elementor-screen-only\">Whatsapp<\/span>\n\t\t\t\t\t\t<i aria-hidden=\"true\" class=\"fab fa-whatsapp\"><\/i>\t\t\t\t\t<\/a>\n\t\t\t\t<\/span>\n\t\t\t\t\t<\/div>\n\t\t\t\t\t\t<\/div>\n\t\t\t\t<\/div>\n\t\t\t\t\t<\/div>\n\t\t<\/div>\n\t\t\t\t\t<\/div>\n\t\t<\/section>\n\t\t\t\t<section class=\"elementor-section elementor-top-section elementor-element elementor-element-ea7bf23 elementor-section-boxed elementor-section-height-default elementor-section-height-default\" data-id=\"ea7bf23\" data-element_type=\"section\" data-e-type=\"section\">\n\t\t\t\t\t\t<div class=\"elementor-container elementor-column-gap-default\">\n\t\t\t\t\t<div class=\"elementor-column elementor-col-100 elementor-top-column elementor-element elementor-element-02825a0\" data-id=\"02825a0\" data-element_type=\"column\" data-e-type=\"column\">\n\t\t\t<div class=\"elementor-widget-wrap elementor-element-populated\">\n\t\t\t\t\t\t<div class=\"elementor-element elementor-element-c2d4452 elementor-widget elementor-widget-text-editor\" data-id=\"c2d4452\" data-element_type=\"widget\" data-e-type=\"widget\" data-widget_type=\"text-editor.default\">\n\t\t\t\t<div class=\"elementor-widget-container\">\n\t\t\t\t\t\t\t\t\t<ol><li><p><b>COOKIES POLICY<\/b><\/p><p><span style=\"font-weight: 400;\">Access to this Website may involve the use of cookies. Cookies are small amounts of information that are stored in the browser used by each User - on the different devices they may use to browse - so that the server remembers certain information that will later be read only by the server that implemented it. Cookies make browsing easier, more user-friendly, and do not damage the browsing device.<\/span><\/p><br \/><p><span style=\"font-weight: 400;\">Cookies are automatic procedures for collecting information related to the preferences determined by the User during their visit to the Website in order to recognize them as a User, and personalize their experience and use of the Website, and they can also, for example, help to identify and resolve errors.<\/span><\/p><p><span style=\"font-weight: 400;\">The information collected through cookies may include the date and time of visits to the Website, the pages viewed, the time spent on the Website and the sites visited just before and after the Website. However, no cookie allows it to contact the User's telephone number or any other means of personal contact. No cookie can extract information from the User's hard drive or steal personal information. The only way for the User's private information to be part of the Cookie file is for the user to personally give that information to the server.<\/span><\/p><p><span style=\"font-weight: 400;\">Cookies that allow a person to be identified are considered personal data. Therefore, the Privacy Policy described above will apply to them. In this sense, the User's consent will be necessary for their use. This consent will be communicated, based on an authentic choice, offered through an affirmative and positive decision, before the initial, removable and documented treatment.<\/span><\/p><br \/><p><b>Own cookies<\/b><\/p><p><span style=\"font-weight: 400;\">They are those cookies that are sent to the User's computer or device and managed exclusively by In&amp;Out architects Interiorismo in Barcelona for the best functioning of the Website. The information collected is used to improve the quality of the Website and its Content and your experience as a User. These cookies allow us to recognize the User as a recurring visitor to the Website and adapt the content to offer content that fits their preferences.<\/span><\/p><br \/><p><b>Third party cookies<\/b><\/p><p><span style=\"font-weight: 400;\">These are cookies used and managed by external entities that provide In&amp;Out architects Interiorismo en Barcelona with services requested by it to improve the Website and the user experience when browsing the Website. The main objectives for which third-party cookies are used are to obtain access statistics and analyze navigation information, that is, how the User interacts with the Website.<\/span><\/p><br \/><p><span style=\"font-weight: 400;\">The information obtained refers, for example, to the number of pages visited, the language, the place from which the IP address from which the User accesses, the number of Users who access, the frequency and recurrence of visits, the time of visit, the browser they use, the operator or type of device from which the visit is made. This information is used to improve the Website, and detect new needs to offer Users Content and\/or service of optimal quality. In any case, the information is collected anonymously and Website trend reports are prepared without identifying individual users.<\/span><\/p><p><span style=\"font-weight: 400;\">You can obtain more information about cookies, information about privacy, or consult the description of the type of cookies used, their main characteristics, expiration period, etc. in the following link(s):<\/span><\/p><p><span style=\"font-weight: 400;\">The entity(ies) in charge of providing cookies may transfer this information to third parties, as long as it is required by law or a third party processes this information for said entities.<\/span><\/p><br \/><p><b>Social media cookies<\/b><\/p><br \/><p><span style=\"font-weight: 400;\">In&amp;Out architects Interior Design in Barcelona incorporates social network plugins, which allow access to them from the Website. For this reason, social network cookies may be stored in the User's browser. The owners of these social networks have their own data protection and cookie policies, being themselves, in each case, responsible for their own files and their own privacy practices. The User must refer to them to find out about these cookies and, where applicable, the processing of their personal data. For information purposes only, the links where you can consult these privacy and\/or cookie policies are indicated below:<\/span><\/p><br \/><p><span style=\"font-weight: 400;\">Facebook: https:\/\/www.facebook.com\/policies\/cookies\/<\/span><\/p><p><span style=\"font-weight: 400;\">Twitter: https:\/\/twitter.com\/es\/privacy<\/span><\/p><p><span style=\"font-weight: 400;\">Instagram: https:\/\/help.instagram.com\/1896641480634370?ref=ig<\/span><\/p><p><span style=\"font-weight: 400;\">YouTube: https:\/\/policies.google.com\/privacy?hl=es-419&amp;gl=mx<\/span><\/p><p><span style=\"font-weight: 400;\">Pinterest: https:\/\/policy.pinterest.com\/es\/privacy-policy<\/span><\/p><p><span style=\"font-weight: 400;\">LinkedIn: https:\/\/www.linkedin.com\/legal\/cookie-policy?trk=hp-cookies<\/span><\/p><p><span style=\"font-weight: 400;\">Disable, reject and delete cookies<\/span><\/p><p><span style=\"font-weight: 400;\">The User can disable, reject and delete the cookies \u2013 totally or partially \u2013 installed on their device through the settings of their browser (including, for example, Chrome, Firefox, Safari, Explorer). In this sense, the procedures for rejecting and deleting cookies may differ from one Internet browser to another. Consequently, the User must follow the instructions provided by the Internet browser he or she is using. In the event that you reject the use of cookies \u2013 in whole or in part \u2013 you may continue using the Website, although the use of some of its features may be limited.<\/span><\/p><\/li><\/ol>\t\t\t\t\t\t\t\t<\/div>\n\t\t\t\t<\/div>\n\t\t\t\t\t<\/div>\n\t\t<\/div>\n\t\t\t\t\t<\/div>\n\t\t<\/section>\n\t\t\t\t<\/div>","protected":false},"excerpt":{"rendered":"<p>Pol\u00edtica de cookies Facebook Instagram Tiktok Linkedin Whatsapp POL\u00cdTICA DE COOKIES El acceso a este Sitio Web puede implicar la utilizaci\u00f3n de cookies. Las cookies son peque\u00f1as cantidades de informaci\u00f3n que se almacenan en el navegador utilizado por cada Usuario \u2014en los distintos dispositivos que pueda utilizar para navegar\u2014 para que el servidor recuerde cierta [&hellip;]<\/p>\n","protected":false},"author":2,"featured_media":0,"parent":0,"menu_order":0,"comment_status":"closed","ping_status":"closed","template":"elementor_header_footer","meta":{"inline_featured_image":false,"_monsterinsights_skip_tracking":false,"_monsterinsights_sitenote_active":false,"_monsterinsights_sitenote_note":"","_monsterinsights_sitenote_category":0,"_uf_show_specific_survey":0,"_uf_disable_surveys":false,"footnotes":""},"class_list":["post-1325","page","type-page","status-publish","hentry"],"yoast_head":"<!-- This site is optimized with the Yoast SEO plugin v27.5 - https:\/\/yoast.com\/product\/yoast-seo-wordpress\/ -->\n<title>Pol\u00edtica de Cookies - In&amp;Out Architects<\/title>\n<meta name=\"robots\" content=\"index, follow, max-snippet:-1, max-image-preview:large, max-video-preview:-1\" \/>\n<link rel=\"canonical\" href=\"https:\/\/inandoutarchitects.com\/en\/politica-de-cookies\/\" \/>\n<meta property=\"og:locale\" content=\"en_US\" \/>\n<meta property=\"og:type\" content=\"article\" \/>\n<meta property=\"og:title\" content=\"Pol\u00edtica de Cookies - In&amp;Out Architects\" \/>\n<meta property=\"og:description\" content=\"Pol\u00edtica de cookies Facebook Instagram Tiktok Linkedin Whatsapp POL\u00cdTICA DE COOKIES El acceso a este Sitio Web puede implicar la utilizaci\u00f3n de cookies. Las cookies son peque\u00f1as cantidades de informaci\u00f3n que se almacenan en el navegador utilizado por cada Usuario \u2014en los distintos dispositivos que pueda utilizar para navegar\u2014 para que el servidor recuerde cierta [&hellip;]\" \/>\n<meta property=\"og:url\" content=\"https:\/\/inandoutarchitects.com\/en\/politica-de-cookies\/\" \/>\n<meta property=\"og:site_name\" content=\"In&amp;Out Architects\" \/>\n<meta property=\"article:modified_time\" content=\"2023-10-04T12:50:19+00:00\" \/>\n<meta name=\"twitter:card\" content=\"summary_large_image\" \/>\n<meta name=\"twitter:label1\" content=\"Est. reading time\" \/>\n\t<meta name=\"twitter:data1\" content=\"5 minutes\" \/>\n<script type=\"application\/ld+json\" class=\"yoast-schema-graph\">{\"@context\":\"https:\\\/\\\/schema.org\",\"@graph\":[{\"@type\":\"WebPage\",\"@id\":\"https:\\\/\\\/inandoutarchitects.com\\\/politica-de-cookies\\\/\",\"url\":\"https:\\\/\\\/inandoutarchitects.com\\\/politica-de-cookies\\\/\",\"name\":\"Pol\u00edtica de Cookies - In&amp;Out Architects\",\"isPartOf\":{\"@id\":\"https:\\\/\\\/inandoutarchitects.com\\\/#website\"},\"datePublished\":\"2023-10-04T12:49:48+00:00\",\"dateModified\":\"2023-10-04T12:50:19+00:00\",\"breadcrumb\":{\"@id\":\"https:\\\/\\\/inandoutarchitects.com\\\/politica-de-cookies\\\/#breadcrumb\"},\"inLanguage\":\"en-US\",\"potentialAction\":[{\"@type\":\"ReadAction\",\"target\":[\"https:\\\/\\\/inandoutarchitects.com\\\/politica-de-cookies\\\/\"]}]},{\"@type\":\"BreadcrumbList\",\"@id\":\"https:\\\/\\\/inandoutarchitects.com\\\/politica-de-cookies\\\/#breadcrumb\",\"itemListElement\":[{\"@type\":\"ListItem\",\"position\":1,\"name\":\"Portada\",\"item\":\"https:\\\/\\\/inandoutarchitects.com\\\/\"},{\"@type\":\"ListItem\",\"position\":2,\"name\":\"Pol\u00edtica de Cookies\"}]},{\"@type\":\"WebSite\",\"@id\":\"https:\\\/\\\/inandoutarchitects.com\\\/#website\",\"url\":\"https:\\\/\\\/inandoutarchitects.com\\\/\",\"name\":\"In&amp;Out Architects\",\"description\":\"\",\"publisher\":{\"@id\":\"https:\\\/\\\/inandoutarchitects.com\\\/#organization\"},\"potentialAction\":[{\"@type\":\"SearchAction\",\"target\":{\"@type\":\"EntryPoint\",\"urlTemplate\":\"https:\\\/\\\/inandoutarchitects.com\\\/?s={search_term_string}\"},\"query-input\":{\"@type\":\"PropertyValueSpecification\",\"valueRequired\":true,\"valueName\":\"search_term_string\"}}],\"inLanguage\":\"en-US\"},{\"@type\":\"Organization\",\"@id\":\"https:\\\/\\\/inandoutarchitects.com\\\/#organization\",\"name\":\"In&amp;Out Architects\",\"url\":\"https:\\\/\\\/inandoutarchitects.com\\\/\",\"logo\":{\"@type\":\"ImageObject\",\"inLanguage\":\"en-US\",\"@id\":\"https:\\\/\\\/inandoutarchitects.com\\\/#\\\/schema\\\/logo\\\/image\\\/\",\"url\":\"https:\\\/\\\/inandoutarchitects.com\\\/wp-content\\\/uploads\\\/2023\\\/08\\\/cropped-Enmascarar-grupo-8.png\",\"contentUrl\":\"https:\\\/\\\/inandoutarchitects.com\\\/wp-content\\\/uploads\\\/2023\\\/08\\\/cropped-Enmascarar-grupo-8.png\",\"width\":83,\"height\":83,\"caption\":\"In&amp;Out Architects\"},\"image\":{\"@id\":\"https:\\\/\\\/inandoutarchitects.com\\\/#\\\/schema\\\/logo\\\/image\\\/\"}}]}<\/script>\n<!-- \/ Yoast SEO plugin. -->","yoast_head_json":{"title":"Pol\u00edtica de Cookies - In&amp;Out Architects","robots":{"index":"index","follow":"follow","max-snippet":"max-snippet:-1","max-image-preview":"max-image-preview:large","max-video-preview":"max-video-preview:-1"},"canonical":"https:\/\/inandoutarchitects.com\/en\/politica-de-cookies\/","og_locale":"en_US","og_type":"article","og_title":"Pol\u00edtica de Cookies - In&amp;Out Architects","og_description":"Pol\u00edtica de cookies Facebook Instagram Tiktok Linkedin Whatsapp POL\u00cdTICA DE COOKIES El acceso a este Sitio Web puede implicar la utilizaci\u00f3n de cookies. Las cookies son peque\u00f1as cantidades de informaci\u00f3n que se almacenan en el navegador utilizado por cada Usuario \u2014en los distintos dispositivos que pueda utilizar para navegar\u2014 para que el servidor recuerde cierta [&hellip;]","og_url":"https:\/\/inandoutarchitects.com\/en\/politica-de-cookies\/","og_site_name":"In&amp;Out Architects","article_modified_time":"2023-10-04T12:50:19+00:00","twitter_card":"summary_large_image","twitter_misc":{"Est. reading time":"5 minutes"},"schema":{"@context":"https:\/\/schema.org","@graph":[{"@type":"WebPage","@id":"https:\/\/inandoutarchitects.com\/politica-de-cookies\/","url":"https:\/\/inandoutarchitects.com\/politica-de-cookies\/","name":"Pol\u00edtica de Cookies - In&amp;Out Architects","isPartOf":{"@id":"https:\/\/inandoutarchitects.com\/#website"},"datePublished":"2023-10-04T12:49:48+00:00","dateModified":"2023-10-04T12:50:19+00:00","breadcrumb":{"@id":"https:\/\/inandoutarchitects.com\/politica-de-cookies\/#breadcrumb"},"inLanguage":"en-US","potentialAction":[{"@type":"ReadAction","target":["https:\/\/inandoutarchitects.com\/politica-de-cookies\/"]}]},{"@type":"BreadcrumbList","@id":"https:\/\/inandoutarchitects.com\/politica-de-cookies\/#breadcrumb","itemListElement":[{"@type":"ListItem","position":1,"name":"Portada","item":"https:\/\/inandoutarchitects.com\/"},{"@type":"ListItem","position":2,"name":"Pol\u00edtica de Cookies"}]},{"@type":"WebSite","@id":"https:\/\/inandoutarchitects.com\/#website","url":"https:\/\/inandoutarchitects.com\/","name":"In&amp;Out Architects","description":"","publisher":{"@id":"https:\/\/inandoutarchitects.com\/#organization"},"potentialAction":[{"@type":"SearchAction","target":{"@type":"EntryPoint","urlTemplate":"https:\/\/inandoutarchitects.com\/?s={search_term_string}"},"query-input":{"@type":"PropertyValueSpecification","valueRequired":true,"valueName":"search_term_string"}}],"inLanguage":"en-US"},{"@type":"Organization","@id":"https:\/\/inandoutarchitects.com\/#organization","name":"In&amp;Out Architects","url":"https:\/\/inandoutarchitects.com\/","logo":{"@type":"ImageObject","inLanguage":"en-US","@id":"https:\/\/inandoutarchitects.com\/#\/schema\/logo\/image\/","url":"https:\/\/inandoutarchitects.com\/wp-content\/uploads\/2023\/08\/cropped-Enmascarar-grupo-8.png","contentUrl":"https:\/\/inandoutarchitects.com\/wp-content\/uploads\/2023\/08\/cropped-Enmascarar-grupo-8.png","width":83,"height":83,"caption":"In&amp;Out Architects"},"image":{"@id":"https:\/\/inandoutarchitects.com\/#\/schema\/logo\/image\/"}}]}},"jetpack_sharing_enabled":true,"_links":{"self":[{"href":"https:\/\/inandoutarchitects.com\/en\/wp-json\/wp\/v2\/pages\/1325","targetHints":{"allow":["GET"]}}],"collection":[{"href":"https:\/\/inandoutarchitects.com\/en\/wp-json\/wp\/v2\/pages"}],"about":[{"href":"https:\/\/inandoutarchitects.com\/en\/wp-json\/wp\/v2\/types\/page"}],"author":[{"embeddable":true,"href":"https:\/\/inandoutarchitects.com\/en\/wp-json\/wp\/v2\/users\/2"}],"replies":[{"embeddable":true,"href":"https:\/\/inandoutarchitects.com\/en\/wp-json\/wp\/v2\/comments?post=1325"}],"version-history":[{"count":4,"href":"https:\/\/inandoutarchitects.com\/en\/wp-json\/wp\/v2\/pages\/1325\/revisions"}],"predecessor-version":[{"id":1329,"href":"https:\/\/inandoutarchitects.com\/en\/wp-json\/wp\/v2\/pages\/1325\/revisions\/1329"}],"wp:attachment":[{"href":"https:\/\/inandoutarchitects.com\/en\/wp-json\/wp\/v2\/media?parent=1325"}],"curies":[{"name":"wp","href":"https:\/\/api.w.org\/{rel}","templated":true}]}}